
{"id":77,"date":"2016-12-22T19:01:38","date_gmt":"2016-12-22T18:01:38","guid":{"rendered":"https:\/\/lesmusardises.fr\/?page_id=77"},"modified":"2021-04-22T01:13:42","modified_gmt":"2021-04-21T23:13:42","slug":"chambre-morphee","status":"publish","type":"page","link":"https:\/\/lesmusardises.fr\/en\/chambre-morphee\/","title":{"rendered":"Room \"Morpheus\""},"content":{"rendered":"<p style=\"text-align: center;\"><em><strong>Room \"Morpheus\" Garden View<\/strong><\/em><\/p>\n<p><img loading=\"lazy\" decoding=\"async\" class=\"aligncenter wp-image-17 size-full\" src=\"https:\/\/lesmusardises.fr\/wp-content\/uploads\/2016\/11\/ch-2.png\" alt=\"\" width=\"638\" height=\"476\" srcset=\"https:\/\/lesmusardises.fr\/wp-content\/uploads\/2016\/11\/ch-2.png 638w, https:\/\/lesmusardises.fr\/wp-content\/uploads\/2016\/11\/ch-2-300x224.png 300w, https:\/\/lesmusardises.fr\/wp-content\/uploads\/2016\/11\/ch-2-500x373.png 500w\" sizes=\"auto, (max-width: 638px) 100vw, 638px\" \/><\/p>\n<p>&nbsp;<\/p>\n<p>&nbsp;<\/p>\n<p><em>In Greek mythology, Morpheus is the son of Hypnos, god of sleep. Morpheus, god of dreams, appears to dreamers in the form of human beings.<br \/>\n<\/em><\/p>\n<p>His name is the origin of the word \"morphine\" because of the soporific power of this drug and the expression \"to be in the arms of morphea\" which means to dream.<\/p>\n<p><em>This room includes a 140 bed with adjoining bathroom with shower, sink and separate toilet.<\/em><\/p>\n<p><em>Free WIFI access. Conviviality tray available.<\/em><\/p>\n<p>&nbsp;<\/p>\n<p><img loading=\"lazy\" decoding=\"async\" class=\"wp-image-245 aligncenter\" src=\"https:\/\/lesmusardises.fr\/wp-content\/uploads\/2016\/12\/morph\u00e9e-sdb-internet-300x249.jpg\" alt=\"\" width=\"493\" height=\"409\" srcset=\"https:\/\/lesmusardises.fr\/wp-content\/uploads\/2016\/12\/morph\u00e9e-sdb-internet-300x249.jpg 300w, https:\/\/lesmusardises.fr\/wp-content\/uploads\/2016\/12\/morph\u00e9e-sdb-internet-500x415.jpg 500w, https:\/\/lesmusardises.fr\/wp-content\/uploads\/2016\/12\/morph\u00e9e-sdb-internet.jpg 662w\" sizes=\"auto, (max-width: 493px) 100vw, 493px\" \/><\/p>","protected":false},"excerpt":{"rendered":"<p>Chambre \u00ab\u00a0Morph\u00e9e\u00a0\u00bb avec vue sur le jardin &nbsp; &nbsp; Dans la mythologie grecque, Morph\u00e9e est le fils d&rsquo;Hypnos, dieu du sommeil. Morph\u00e9e, dieu des r\u00eaves, appara\u00eet aux r\u00eaveurs sous la forme d&rsquo;\u00eatres humains. Son nom est \u00e0 l&rsquo;origine du mot \u00ab\u00a0morphine\u00a0\u00bb en raison du pouvoir soporifique de cette drogue et&#8230;<\/p>","protected":false},"author":4,"featured_media":0,"parent":0,"menu_order":0,"comment_status":"closed","ping_status":"closed","template":"templates\/musardises-large-page.php","meta":{"footnotes":""},"class_list":["post-77","page","type-page","status-publish","hentry"],"_links":{"self":[{"href":"https:\/\/lesmusardises.fr\/en\/wp-json\/wp\/v2\/pages\/77","targetHints":{"allow":["GET"]}}],"collection":[{"href":"https:\/\/lesmusardises.fr\/en\/wp-json\/wp\/v2\/pages"}],"about":[{"href":"https:\/\/lesmusardises.fr\/en\/wp-json\/wp\/v2\/types\/page"}],"author":[{"embeddable":true,"href":"https:\/\/lesmusardises.fr\/en\/wp-json\/wp\/v2\/users\/4"}],"replies":[{"embeddable":true,"href":"https:\/\/lesmusardises.fr\/en\/wp-json\/wp\/v2\/comments?post=77"}],"version-history":[{"count":0,"href":"https:\/\/lesmusardises.fr\/en\/wp-json\/wp\/v2\/pages\/77\/revisions"}],"wp:attachment":[{"href":"https:\/\/lesmusardises.fr\/en\/wp-json\/wp\/v2\/media?parent=77"}],"curies":[{"name":"wp","href":"https:\/\/api.w.org\/{rel}","templated":true}]}}