
{"id":31,"date":"2016-12-13T10:35:17","date_gmt":"2016-12-13T09:35:17","guid":{"rendered":"https:\/\/lesmusardises.fr\/?page_id=31"},"modified":"2021-04-22T01:29:09","modified_gmt":"2021-04-21T23:29:09","slug":"livre-dor","status":"publish","type":"page","link":"https:\/\/lesmusardises.fr\/en\/livre-dor\/","title":{"rendered":"Livre d&rsquo;Or"},"content":{"rendered":"<div class=\"gwolle-gb\"><div class=\"gwolle-gb-messages-top-container\"><\/div>\n\t\t\t<div class=\"gwolle-gb-write-button\">\n\t\t\t\t<input type=\"button\" name=\"gwolle-gb-write-button\" class=\"button btn btn-default\" value=\"Write a new entry.\" aria-expanded=\"false\" \/>\n\t\t\t<\/div>\n\t\t\t<form action=\"#\" method=\"POST\" class=\"gwolle-gb-write gwolle-gb-hide gwolle-gb-float gwolle-gb-form-ajax gwolle-gb-ajax gwolle-gb-not-logged-in\" data-trp-original-action=\"#\">\n\t\t\t\t<h3>Write a new message in the guestbook<\/h3>\n\t\t\t\t<button type=\"button\" class=\"gb-notice-dismiss\">x<span class=\"screen-reader-text\">Hide this form.<\/span><\/button>\n\t\t\t\n\t\t\t\t<input type=\"hidden\" name=\"gwolle_gb_function\" class=\"gwolle_gb_function\" value=\"add_entry\" \/><input type=\"hidden\" name=\"gwolle_gb_book_id\" class=\"gwolle_gb_book_id\" value=\"1\" \/><div class=\"gwolle_gb_51fb71590568a4b0ba1da0cf65849b5b\">\n\t\t\t\t<div class=\"label\"><label for=\"gwolle_gb_51fb71590568a4b0ba1da0cf65849b5b-1\" class=\"text-info\">Name <span class=\"required\">*<\/span><\/label><\/div>\n\t\t\t\t<div class=\"input\"><input class=\"wp-exclude-emoji gwolle_gb_51fb71590568a4b0ba1da0cf65849b5b\" value=\"\" type=\"text\" id=\"gwolle_gb_51fb71590568a4b0ba1da0cf65849b5b-1\" name=\"gwolle_gb_51fb71590568a4b0ba1da0cf65849b5b\" required \/><\/div>\n\t\t\t\t<div class=\"clearBoth\">&nbsp;<\/div>\n\t\t\t<\/div><div class=\"gwolle_gb_a14ce016c8ed87a2051e3c954324e63a\">\n\t\t\t\t\t<div class=\"label\"><label for=\"gwolle_gb_a14ce016c8ed87a2051e3c954324e63a-1\" class=\"text-info\">City<\/label><\/div>\n\t\t\t\t\t<div class=\"input\"><input class=\"wp-exclude-emoji gwolle_gb_a14ce016c8ed87a2051e3c954324e63a\" value=\"\" type=\"text\" id=\"gwolle_gb_a14ce016c8ed87a2051e3c954324e63a-1\" name=\"gwolle_gb_a14ce016c8ed87a2051e3c954324e63a\" \/><\/div>\n\t\t\t\t\t<div class=\"clearBoth\">&nbsp;<\/div>\n\t\t\t\t<\/div><div class=\"gwolle_gb_600c7bac827bc13ae6c7bab5e1f58113\">\n\t\t\t\t<div class=\"label\"><label for=\"gwolle_gb_600c7bac827bc13ae6c7bab5e1f58113-1\" class=\"text-info\">Email <span class=\"required\">*<\/span><\/label><\/div>\n\t\t\t\t<div class=\"input\"><input class=\"gwolle_gb_600c7bac827bc13ae6c7bab5e1f58113\" value=\"\" type=\"email\" id=\"gwolle_gb_600c7bac827bc13ae6c7bab5e1f58113-1\" name=\"gwolle_gb_600c7bac827bc13ae6c7bab5e1f58113\" required \/><\/div>\n\t\t\t\t<div class=\"clearBoth\">&nbsp;<\/div>\n\t\t\t<\/div>\n\t\t\t<div class=\"gwolle_gb_14132c3e54f3270e960080077376cccf\" style=\"display:none;overflow:hidden;\" hidden=\"true\" aria-hidden=\"true\">\n\t\t\t\t<div class=\"label\">\n\t\t\t\t\t<label for=\"gwolle_gb_14132c3e54f3270e960080077376cccf-1\" class=\"text-primary\">Do not touch this<\/label>\n\t\t\t\t\t<label for=\"gwolle_gb_f0082702210beb4065eb04c0a16e2403-1\" class=\"text-primary\">Do not touch this<\/label>\n\t\t\t\t<\/div>\n\t\t\t\t<div class=\"input\">\n\t\t\t\t\t<input value=\"28\" type=\"text\" id=\"gwolle_gb_14132c3e54f3270e960080077376cccf-1\" name=\"gwolle_gb_14132c3e54f3270e960080077376cccf\" class=\"gwolle_gb_14132c3e54f3270e960080077376cccf\" style=\"transform: translateY(10000px);\" \/>\n\t\t\t\t\t<input value=\"\" type=\"text\" name=\"gwolle_gb_f0082702210beb4065eb04c0a16e2403\" id=\"gwolle_gb_f0082702210beb4065eb04c0a16e2403-1\" class=\"gwolle_gb_f0082702210beb4065eb04c0a16e2403\" style=\"transform: translateY(10000px);\" \/>\n\t\t\t\t<\/div>\n\t\t\t\t<div class=\"clearBoth\"><\/div>\n\t\t\t<\/div>\n\t\t\t<div class=\"gwolle_gb_50b50fea5bcd03f9076be930d6486f02\" style=\"display:none;overflow:hidden;\" hidden=\"true\" aria-hidden=\"true\">\n\t\t\t\t<div class=\"label\">\n\t\t\t\t\t<label for=\"gwolle_gb_50b50fea5bcd03f9076be930d6486f02-1\" class=\"text-primary\">Do not touch this<\/label>\n\t\t\t\t\t<label for=\"gwolle_gb_d3914f329e1c7f96439853da71ee6c8e-1\" class=\"text-primary\">Do not touch this<\/label>\n\t\t\t\t<\/div>\n\t\t\t\t<div class=\"input\">\n\t\t\t\t\t<input value=\"62524\" type=\"text\" id=\"gwolle_gb_50b50fea5bcd03f9076be930d6486f02-1\" name=\"gwolle_gb_50b50fea5bcd03f9076be930d6486f02\" class=\"gwolle_gb_50b50fea5bcd03f9076be930d6486f02\" style=\"transform: translateY(10000px);\" \/>\n\t\t\t\t\t<input value=\"62524\" type=\"text\"id=\"gwolle_gb_d3914f329e1c7f96439853da71ee6c8e-1\" name=\"gwolle_gb_d3914f329e1c7f96439853da71ee6c8e\" class=\"gwolle_gb_d3914f329e1c7f96439853da71ee6c8e\" style=\"transform: translateY(10000px);\" \/>\n\t\t\t\t<\/div>\n\t\t\t\t<div class=\"clearBoth\"><\/div>\n\t\t\t<\/div><div class=\"gwolle_gb_content\">\n\t\t\t\t<div class=\"label\"><label for=\"gwolle_gb_content-1\" class=\"text-info\">Guestbook entry <span class=\"required\">*<\/span><\/label><\/div>\n\t\t\t\t<div class=\"input\"><textarea id=\"gwolle_gb_content-1\" name=\"gwolle_gb_content\" class=\"gwolle_gb_content wp-exclude-emoji\" required><\/textarea><\/div>\n\t\t\t\t\t<div class=\"clearBoth\">&nbsp;<\/div>\n\t\t\t\t<\/div><input type=\"hidden\" class=\"gwolle_gb_a5d2d5cae792997e516f922f8346c668\" id=\"gwolle_gb_a5d2d5cae792997e516f922f8346c668-1\" name=\"gwolle_gb_a5d2d5cae792997e516f922f8346c668\" value=\"fcc70ff798\" \/>\n\t\t\t<div class=\"gwolle-gb-messages-bottom-container\"><\/div>\n\n\t\t\t<noscript><div class=\"no-js\">Warning: This form can only be used if JavaScript is enabled in your browser.<\/div><\/noscript>\n\n\t\t\t<div class=\"gwolle_gb_submit gwolle-gb-submit\">\n\t\t\t\t<div class=\"label gwolle-gb-invisible text-muted\">&nbsp;<\/div>\n\t\t\t\t<div class=\"input\">\n\t\t\t\t\t<input type=\"submit\" name=\"gwolle_gb_submit\" class=\"gwolle_gb_submit button btn btn-primary\" value=\"Submit\" \/>\n\t\t\t\t\t<span class=\"gwolle_gb_submit_ajax_icon gwolle-gb-submit-ajax-icon\"><\/span>\n\t\t\t\n\t\t\t\t<\/div>\n\t\t\t\t<div class=\"clearBoth\">&nbsp;<\/div>\n\t\t\t<\/div>\n\n\t\t\t<div class=\"gwolle_gb_notice gwolle-gb-notice\">\n\t\t\t\tFields marked with an * are mandatory.<br \/>\r\nYour email address will not be published.<br \/>\r\nPour des raisons de s\u00e9curit\u00e9, nous sauvegardons votre adresse IP 216.73.216.218.<br \/>\r\nYour message may only appear in the guestbook after we have verified it.<br \/>\r\nWe reserve the right to edit, delete, or not post messages.\n\t\t\t<\/div><input type=\"hidden\" name=\"trp-form-language\" value=\"en\"\/><\/form><div class=\"gwolle-gb-read gwolle-gb-ajax gwolle-gb-entries-list\" data-book_id=\"1\" data-page_id=\"1\">\n\t\t<div id=\"gwolle-gb-total\" class=\"gwolle-gb-total\">17 entries.<\/div><!-- Gwolle-GB Entry: Default Template Loaded -->\n\t\t\t\t<div class=\"gb-entry gb-entry_69 gb-entry-count_1 gwolle-gb-uneven gwolle-gb-first\" id=\"gb-entry_69\" data-entry_id=\"69\">\n\t\t\t\t<article>\n\t\t\t\t\t<div class=\"gb-author-info\">\n\t\t\t\t\t\t<span class=\"gb-author-name\">Audrey et Fr\u00e9d\u00e9ric\n\t\t\t\t\t\t<\/span>\n\t\t\t\t\t\t<span class=\"gb-author-origin\">\n\t\t\t\t\t\t\t<span class=\"gb-author-origin-from-text\"> from<\/span>\n\t\t\t\t\t\t\t<span class=\"gb-author-origin-text\"> Lot<\/span>\n\t\t\t\t\t\t<\/span>\n\t\t\t\t\t\t<span class=\"gb-datetime\">\n\t\t\t\t\t\t\t<span class=\"gb-date\"><span class=\"gb-date-wrote-text\"> wrote on<\/span><span class=\"gb-date-text\"> 20\/10\/2025<\/span>\n\t\t\t\t\t\t\t<\/span>\n\t\t\t\t\t\t<\/span> \n\t\t\t\t\t<\/div>\n\t\t\t\t\t<div class=\"gb-entry-content\">Un grand merci pour l&#039;accueil.\nLe calme et l&#039;authenticit\u00e9 de votre demeure nous ont s\u00e9duits.\nCette magnifique halle devant les yeux,\nUn tres bon restaurant sous le nez et les papilles... Que du bonheur. Merci\n\t\t\t\t\t<\/div>\n\t\t\t\t<\/article>\n\t\t\t<\/div>\n\t\t\t<div class=\"gb-entry gb-entry_68 gb-entry-count_2 gwolle-gb-even\" id=\"gb-entry_68\" data-entry_id=\"68\">\n\t\t\t\t<article>\n\t\t\t\t\t<div class=\"gb-author-info\">\n\t\t\t\t\t\t<span class=\"gb-author-name\">Jean-Marc et Sylvie\n\t\t\t\t\t\t<\/span>\n\t\t\t\t\t\t<span class=\"gb-author-origin\">\n\t\t\t\t\t\t\t<span class=\"gb-author-origin-from-text\"> from<\/span>\n\t\t\t\t\t\t\t<span class=\"gb-author-origin-text\"> Villenave-d&#39;Ornon<\/span>\n\t\t\t\t\t\t<\/span>\n\t\t\t\t\t\t<span class=\"gb-datetime\">\n\t\t\t\t\t\t\t<span class=\"gb-date\"><span class=\"gb-date-wrote-text\"> wrote on<\/span><span class=\"gb-date-text\"> 17\/09\/2024<\/span>\n\t\t\t\t\t\t\t<\/span>\n\t\t\t\t\t\t<\/span> \n\t\t\t\t\t<\/div>\n\t\t\t\t\t<div class=\"gb-entry-content\">Tr\u00e8s bon accueil, tr\u00e8s belle chambre spacieuse, grande salle de bain, le tout dans un d\u00e9cor ancien bien entretenu. Petit d\u00e9jeuner sympathique avec nos h\u00f4tes. Je recommande les confitures faites maison.\r\nTr\u00e8s bien situ\u00e9e, avec vue sur la place de la halle qui est typique d&#039;ici et magnifique.\n\t\t\t\t\t<\/div>\n\t\t\t\t<\/article>\n\t\t\t<\/div>\n\t\t\t<div class=\"gb-entry gb-entry_67 gb-entry-count_3 gwolle-gb-uneven\" id=\"gb-entry_67\" data-entry_id=\"67\">\n\t\t\t\t<article>\n\t\t\t\t\t<div class=\"gb-author-info\">\n\t\t\t\t\t\t<span class=\"gb-author-name\">Patrick\n\t\t\t\t\t\t<\/span>\n\t\t\t\t\t\t<span class=\"gb-author-origin\">\n\t\t\t\t\t\t\t<span class=\"gb-author-origin-from-text\"> from<\/span>\n\t\t\t\t\t\t\t<span class=\"gb-author-origin-text\"> SAUBUSSE<\/span>\n\t\t\t\t\t\t<\/span>\n\t\t\t\t\t\t<span class=\"gb-datetime\">\n\t\t\t\t\t\t\t<span class=\"gb-date\"><span class=\"gb-date-wrote-text\"> wrote on<\/span><span class=\"gb-date-text\"> 05\/08\/2024<\/span>\n\t\t\t\t\t\t\t<\/span>\n\t\t\t\t\t\t<\/span> \n\t\t\t\t\t<\/div>\n\t\t\t\t\t<div class=\"gb-entry-content\">Merci pour l&#039;accueil chaleureux dans cette belle demeure au centre de cette bastide magnifique. Belle chambre. Le calme nous a permis de passer une excellente nuit et le petit d\u00e9jeuner copieux de commencer une bonne journ\u00e9e. Une adresse \u00e0 retenir. Merci aux h\u00f4tes.\n\t\t\t\t\t<\/div>\n\t\t\t\t<\/article>\n\t\t\t<\/div>\n\t\t\t<div class=\"gb-entry gb-entry_66 gb-entry-count_4 gwolle-gb-even\" id=\"gb-entry_66\" data-entry_id=\"66\">\n\t\t\t\t<article>\n\t\t\t\t\t<div class=\"gb-author-info\">\n\t\t\t\t\t\t<span class=\"gb-author-name\">Leticia\n\t\t\t\t\t\t<\/span>\n\t\t\t\t\t\t<span class=\"gb-author-origin\">\n\t\t\t\t\t\t\t<span class=\"gb-author-origin-from-text\"> from<\/span>\n\t\t\t\t\t\t\t<span class=\"gb-author-origin-text\"> Pessac (33)<\/span>\n\t\t\t\t\t\t<\/span>\n\t\t\t\t\t\t<span class=\"gb-datetime\">\n\t\t\t\t\t\t\t<span class=\"gb-date\"><span class=\"gb-date-wrote-text\"> wrote on<\/span><span class=\"gb-date-text\"> 25\/03\/2024<\/span>\n\t\t\t\t\t\t\t<\/span>\n\t\t\t\t\t\t<\/span> \n\t\t\t\t\t<\/div>\n\t\t\t\t\t<div class=\"gb-entry-content\">Un grand merci \u00e0 Martine pour son accueil dans sa superbe demeure authentique, j&#039;ai pass\u00e9 un excellent s\u00e9jour, dans une chambre et sa salle de bain immenses, aux d\u00e9tails historiques (je reste hallucin\u00e9e par le lavabo, ah ah !!). La literie \u00e9tait top, j&#039;ai hyper bien dormi !! Copieux petit d\u00e9jeuner tr\u00e8s agr\u00e9able, face \u00e0 un jardin magnifique. Je recommande vivement, et y reviendrai tr\u00e8s certainement \u2665 Merci encore \u2665\n\t\t\t\t\t<\/div>\n\t\t\t\t<\/article>\n\t\t\t<\/div>\n\t\t\t<div class=\"gb-entry gb-entry_65 gb-entry-count_5 gwolle-gb-uneven\" id=\"gb-entry_65\" data-entry_id=\"65\">\n\t\t\t\t<article>\n\t\t\t\t\t<div class=\"gb-author-info\">\n\t\t\t\t\t\t<span class=\"gb-author-name\">Meritxell\n\t\t\t\t\t\t<\/span>\n\t\t\t\t\t\t<span class=\"gb-author-origin\">\n\t\t\t\t\t\t\t<span class=\"gb-author-origin-from-text\"> from<\/span>\n\t\t\t\t\t\t\t<span class=\"gb-author-origin-text\"> Principaut\u00e9 d\u2019Andorre<\/span>\n\t\t\t\t\t\t<\/span>\n\t\t\t\t\t\t<span class=\"gb-datetime\">\n\t\t\t\t\t\t\t<span class=\"gb-date\"><span class=\"gb-date-wrote-text\"> wrote on<\/span><span class=\"gb-date-text\"> 26\/07\/2022<\/span>\n\t\t\t\t\t\t\t<\/span>\n\t\t\t\t\t\t<\/span> \n\t\t\t\t\t<\/div>\n\t\t\t\t\t<div class=\"gb-entry-content\">Remerciements \u00e0 nos h\u00f4tes pour l\u2019excellent accueil dans leur belle demeure \u00e0 caract\u00e8re dans une chambre et salle de bain spacieuses avec vue idyllique sur le jardin. Nous avons aussi appr\u00e9ci\u00e9 les confitures maison servies au petit d\u00e9jeuner d\u2019ailleurs tr\u00e8s copieux! Martine, la propri\u00e9taire nous a gentiment conseill\u00e9 sur les  visites \u00e0 ne pas manquer dans les alentours. Gr\u00e2ce \u00e0 ses pr\u00e9cieuses recommandations nous avons mieux profit\u00e9 de notre s\u00e9jour. Je vous invite vivement \u00e0 y s\u00e9journer, vous ne serez pas d\u00e9\u00e7us!\nMerci beaucoup!\n\t\t\t\t\t<\/div>\n\t\t\t\t<\/article>\n\t\t\t<\/div>\n\t\t\t<div class=\"gb-entry gb-entry_64 gb-entry-count_6 gwolle-gb-even\" id=\"gb-entry_64\" data-entry_id=\"64\">\n\t\t\t\t<article>\n\t\t\t\t\t<div class=\"gb-author-info\">\n\t\t\t\t\t\t<span class=\"gb-author-name\">Tubau\n\t\t\t\t\t\t<\/span>\n\t\t\t\t\t\t<span class=\"gb-author-origin\">\n\t\t\t\t\t\t\t<span class=\"gb-author-origin-from-text\"> from<\/span>\n\t\t\t\t\t\t\t<span class=\"gb-author-origin-text\"> Perpignan<\/span>\n\t\t\t\t\t\t<\/span>\n\t\t\t\t\t\t<span class=\"gb-datetime\">\n\t\t\t\t\t\t\t<span class=\"gb-date\"><span class=\"gb-date-wrote-text\"> wrote on<\/span><span class=\"gb-date-text\"> 02\/06\/2022<\/span>\n\t\t\t\t\t\t\t<\/span>\n\t\t\t\t\t\t<\/span> \n\t\t\t\t\t<\/div>\n\t\t\t\t\t<div class=\"gb-entry-content\">Nous remercions vivement nos h\u00f4tes car arriv\u00e9s un jour trop t\u00f4t, erreur de dates, nous avons \u00e9t\u00e9 accueillis tr\u00e8s chaleureusement avec bienveillance. De bons conseils et de tr\u00e8s bons petits d\u00e9jeuners d\u00e9couvertes.. ne passez pas \u00e0 c\u00f4t\u00e9 de Cologne sans vous y arr\u00eater. Merci beaucoup\n\t\t\t\t\t<\/div>\n\t\t\t\t<\/article>\n\t\t\t<\/div>\n\t\t\t<div class=\"gb-entry gb-entry_63 gb-entry-count_7 gwolle-gb-uneven\" id=\"gb-entry_63\" data-entry_id=\"63\">\n\t\t\t\t<article>\n\t\t\t\t\t<div class=\"gb-author-info\">\n\t\t\t\t\t\t<span class=\"gb-author-name\">SYLVAIN PERIGOT\n\t\t\t\t\t\t<\/span>\n\t\t\t\t\t\t<span class=\"gb-author-origin\">\n\t\t\t\t\t\t\t<span class=\"gb-author-origin-from-text\"> from<\/span>\n\t\t\t\t\t\t\t<span class=\"gb-author-origin-text\"> ST QUIRC (09700)<\/span>\n\t\t\t\t\t\t<\/span>\n\t\t\t\t\t\t<span class=\"gb-datetime\">\n\t\t\t\t\t\t\t<span class=\"gb-date\"><span class=\"gb-date-wrote-text\"> wrote on<\/span><span class=\"gb-date-text\"> 04\/08\/2021<\/span>\n\t\t\t\t\t\t\t<\/span>\n\t\t\t\t\t\t<\/span> \n\t\t\t\t\t<\/div>\n\t\t\t\t\t<div class=\"gb-entry-content\">Toujourss accueillis chaleureusement par les sympathiques propri\u00e9taires, Martine et son mari, dans un cadre merveilleux et tr\u00e8s calme : Au Jardin d&#039;une luxuriante v\u00e9g\u00e9tation m\u00e9diterran\u00e9enne compos\u00e9e de palmiers, cactus, fleurs diverses sous vos fen\u00eatres\u2026au sein desquels se niche la charmante Ambiance de cette maison si romantique. La chambre et salle d eau sont immenses mais parfaitement fonctionnelle et d\u00e9cor\u00e9e avec soin et beaucoup de gouts. Cette belle maison offre tout le confort. On peut rajouter les copieux et d\u00e9licieux petits d\u00e9jeuners ainsi que la disponibilit\u00e9 des propri\u00e9taires sensibles et intelligents ils sont attentifs au respect et \u00e0 l\u2019intimit\u00e9 de leurs h\u00f4tes. Nous recommandons vivement ses chambres d\u2019h\u00f4tes exceptionnelles. MERCI ENCORE LES MUSARDISES.\n\t\t\t\t\t<\/div>\n\t\t\t\t<\/article>\n\t\t\t<\/div>\n\t\t\t<div class=\"gb-entry gb-entry_56 gb-entry-count_8 gwolle-gb-even\" id=\"gb-entry_56\" data-entry_id=\"56\">\n\t\t\t\t<article>\n\t\t\t\t\t<div class=\"gb-author-info\">\n\t\t\t\t\t\t<span class=\"gb-author-name\">Lecerf Robert et Juliette\n\t\t\t\t\t\t<\/span>\n\t\t\t\t\t\t<span class=\"gb-author-origin\">\n\t\t\t\t\t\t\t<span class=\"gb-author-origin-from-text\"> from<\/span>\n\t\t\t\t\t\t\t<span class=\"gb-author-origin-text\"> Lanquais le 20\/6\/21<\/span>\n\t\t\t\t\t\t<\/span>\n\t\t\t\t\t\t<span class=\"gb-datetime\">\n\t\t\t\t\t\t\t<span class=\"gb-date\"><span class=\"gb-date-wrote-text\"> wrote on<\/span><span class=\"gb-date-text\"> 20\/06\/2021<\/span>\n\t\t\t\t\t\t\t<\/span>\n\t\t\t\t\t\t<\/span> \n\t\t\t\t\t<\/div>\n\t\t\t\t\t<div class=\"gb-entry-content\">Nous avons pass\u00e9 un agr\u00e9able s\u00e9jour - Accueil chaleureux - Maison de caract\u00e8re (caract\u00e8re  moyen-age). Nous nous demandions toujours si au d\u00e9tour d&#039;un couloir nous n&#039;allions pas rencontrer D&#039;Artagnan ou un archer du Roy.\n\t\t\t\t\t<\/div>\n\t\t\t\t<\/article>\n\t\t\t<\/div>\n\t\t\t<div class=\"gb-entry gb-entry_55 gb-entry-count_9 gwolle-gb-uneven\" id=\"gb-entry_55\" data-entry_id=\"55\">\n\t\t\t\t<article>\n\t\t\t\t\t<div class=\"gb-author-info\">\n\t\t\t\t\t\t<span class=\"gb-author-name\">Copin Dominique et Meurillon Jo\u00ebl\n\t\t\t\t\t\t<\/span>\n\t\t\t\t\t\t<span class=\"gb-author-origin\">\n\t\t\t\t\t\t\t<span class=\"gb-author-origin-from-text\"> from<\/span>\n\t\t\t\t\t\t\t<span class=\"gb-author-origin-text\"> Paris<\/span>\n\t\t\t\t\t\t<\/span>\n\t\t\t\t\t\t<span class=\"gb-datetime\">\n\t\t\t\t\t\t\t<span class=\"gb-date\"><span class=\"gb-date-wrote-text\"> wrote on<\/span><span class=\"gb-date-text\"> 07\/09\/2019<\/span>\n\t\t\t\t\t\t\t<\/span>\n\t\t\t\t\t\t<\/span> \n\t\t\t\t\t<\/div>\n\t\t\t\t\t<div class=\"gb-entry-content\">Plaisir renouvel\u00e9 chaque ann\u00e9e de retrouver nos h\u00f4tes Martine et Jean Camille Courant, leur belle demeure pleine de charme, leurs petits d\u00e9jeuners copieux avec des confitures maison... et l\u2019accueil chaleureux.\nA l\u2019ann\u00e9e prochaine. Nous vous embrassons.\nDominique et Jo\u00ebl\n\t\t\t\t\t<\/div>\n\t\t\t\t<\/article>\n\t\t\t<\/div>\n\t\t\t<div class=\"gb-entry gb-entry_54 gb-entry-count_10 gwolle-gb-even\" id=\"gb-entry_54\" data-entry_id=\"54\">\n\t\t\t\t<article>\n\t\t\t\t\t<div class=\"gb-author-info\">\n\t\t\t\t\t\t<span class=\"gb-author-name\">Dominique et Jo\u00ebl\n\t\t\t\t\t\t<\/span>\n\t\t\t\t\t\t<span class=\"gb-author-origin\">\n\t\t\t\t\t\t\t<span class=\"gb-author-origin-from-text\"> from<\/span>\n\t\t\t\t\t\t\t<span class=\"gb-author-origin-text\"> Paris<\/span>\n\t\t\t\t\t\t<\/span>\n\t\t\t\t\t\t<span class=\"gb-datetime\">\n\t\t\t\t\t\t\t<span class=\"gb-date\"><span class=\"gb-date-wrote-text\"> wrote on<\/span><span class=\"gb-date-text\"> 28\/08\/2019<\/span>\n\t\t\t\t\t\t\t<\/span>\n\t\t\t\t\t\t<\/span> \n\t\t\t\t\t<\/div>\n\t\t\t\t\t<div class=\"gb-entry-content\">C\u2019est avec un grand plaisir renouvel\u00e9 chaque ann\u00e9e que nous retrouvons Martine et Jean Camille. Accueil amical et chaleureux, superbe demeure situ\u00e9e au calme et ...bons petits d\u00e9jeuners copieux... \u00c0 l\u2019ann\u00e9e prochaine ????\n\t\t\t\t\t<\/div>\n\t\t\t\t<\/article>\n\t\t\t<\/div>\n\t\t\t<div class=\"gb-entry gb-entry_43 gb-entry-count_11 gwolle-gb-uneven\" id=\"gb-entry_43\" data-entry_id=\"43\">\n\t\t\t\t<article>\n\t\t\t\t\t<div class=\"gb-author-info\">\n\t\t\t\t\t\t<span class=\"gb-author-name\">sylvain perigot\n\t\t\t\t\t\t<\/span>\n\t\t\t\t\t\t<span class=\"gb-author-origin\">\n\t\t\t\t\t\t\t<span class=\"gb-author-origin-from-text\"> from<\/span>\n\t\t\t\t\t\t\t<span class=\"gb-author-origin-text\"> SAVERDUN<\/span>\n\t\t\t\t\t\t<\/span>\n\t\t\t\t\t\t<span class=\"gb-datetime\">\n\t\t\t\t\t\t\t<span class=\"gb-date\"><span class=\"gb-date-wrote-text\"> wrote on<\/span><span class=\"gb-date-text\"> 17\/06\/2019<\/span>\n\t\t\t\t\t\t\t<\/span>\n\t\t\t\t\t\t<\/span> \n\t\t\t\t\t<\/div>\n\t\t\t\t\t<div class=\"gb-entry-content\">Vous \u00eates accueillis chaleureusement par les sympathiques propri\u00e9taires, Martine et son mari, dans un cadre merveilleux et tr\u00e8s calme : Au Jardin d&#039;une luxuriante v\u00e9g\u00e9tation m\u00e9diterran\u00e9enne compos\u00e9e de palmiers, cactus, fleurs diverses sous vos fen\u00eatres\u2026au sein desquels se niche la charmante Ambiance de cette maison si romantique.\nLa chambre et salle d eau sont  immenses mais parfaitement fonctionnelle et d\u00e9cor\u00e9e avec soin et beaucoup de gouts. Cette belle maison  offre tout le confort.\nOn peut rajouter les copieux et d\u00e9licieux petits d\u00e9jeuners ainsi que la disponibilit\u00e9 des propri\u00e9taires sensibles  et  intelligents ils  sont attentifs au  respect et \u00e0  l\u2019intimit\u00e9 de leurs h\u00f4tes.\nNous recommandons vivement cette chambre d\u2019h\u00f4tes exceptionnelle.\nMERCI ENCORE\n\t\t\t\t\t<\/div>\n\t\t\t\t<\/article>\n\t\t\t<\/div>\n\t\t\t<div class=\"gb-entry gb-entry_14 gb-entry-count_12 gwolle-gb-even\" id=\"gb-entry_14\" data-entry_id=\"14\">\n\t\t\t\t<article>\n\t\t\t\t\t<div class=\"gb-author-info\">\n\t\t\t\t\t\t<span class=\"gb-author-name\">H\u00e9l\u00e8ne et Mathieu\n\t\t\t\t\t\t<\/span>\n\t\t\t\t\t\t<span class=\"gb-datetime\">\n\t\t\t\t\t\t\t<span class=\"gb-date\"><span class=\"gb-date-wrote-text\"> wrote on<\/span><span class=\"gb-date-text\"> 15\/10\/2018<\/span>\n\t\t\t\t\t\t\t<\/span>\n\t\t\t\t\t\t<\/span> \n\t\t\t\t\t<\/div>\n\t\t\t\t\t<div class=\"gb-entry-content\">Nous avons pass\u00e9 un tr\u00e8s bon s\u00e9jour, tr\u00e8s grande chambre et petit d\u00e9jeuner excellent !!\n\t\t\t\t\t<\/div>\n\t\t\t\t<\/article>\n\t\t\t<\/div>\n\t\t\t<div class=\"gb-entry gb-entry_8 gb-entry-count_13 gwolle-gb-uneven\" id=\"gb-entry_8\" data-entry_id=\"8\">\n\t\t\t\t<article>\n\t\t\t\t\t<div class=\"gb-author-info\">\n\t\t\t\t\t\t<span class=\"gb-author-name\">Olivier, Estelle et Robin\n\t\t\t\t\t\t<\/span>\n\t\t\t\t\t\t<span class=\"gb-author-origin\">\n\t\t\t\t\t\t\t<span class=\"gb-author-origin-from-text\"> from<\/span>\n\t\t\t\t\t\t\t<span class=\"gb-author-origin-text\"> Grenoble<\/span>\n\t\t\t\t\t\t<\/span>\n\t\t\t\t\t\t<span class=\"gb-datetime\">\n\t\t\t\t\t\t\t<span class=\"gb-date\"><span class=\"gb-date-wrote-text\"> wrote on<\/span><span class=\"gb-date-text\"> 25\/06\/2018<\/span>\n\t\t\t\t\t\t\t<\/span>\n\t\t\t\t\t\t<\/span> \n\t\t\t\t\t<\/div>\n\t\t\t\t\t<div class=\"gb-entry-content\">Compl\u00e8tement s\u00e9duit par cette demeure authentique. S\u00e9jour tr\u00e8s agr\u00e9able. Accueil formidable. \nLes chambres sont immenses, et la vue sur le jardin paradisiaque.\n\t\t\t\t\t<\/div>\n\t\t\t\t<\/article>\n\t\t\t<\/div>\n\t\t\t<div class=\"gb-entry gb-entry_7 gb-entry-count_14 gwolle-gb-even\" id=\"gb-entry_7\" data-entry_id=\"7\">\n\t\t\t\t<article>\n\t\t\t\t\t<div class=\"gb-author-info\">\n\t\t\t\t\t\t<span class=\"gb-author-name\">nicole large\n\t\t\t\t\t\t<\/span>\n\t\t\t\t\t\t<span class=\"gb-author-origin\">\n\t\t\t\t\t\t\t<span class=\"gb-author-origin-from-text\"> from<\/span>\n\t\t\t\t\t\t\t<span class=\"gb-author-origin-text\"> reyrieux<\/span>\n\t\t\t\t\t\t<\/span>\n\t\t\t\t\t\t<span class=\"gb-datetime\">\n\t\t\t\t\t\t\t<span class=\"gb-date\"><span class=\"gb-date-wrote-text\"> wrote on<\/span><span class=\"gb-date-text\"> 09\/06\/2018<\/span>\n\t\t\t\t\t\t\t<\/span>\n\t\t\t\t\t\t<\/span> \n\t\t\t\t\t<\/div>\n\t\t\t\t\t<div class=\"gb-entry-content\">Merci a nos h\u00f4tes gr\u00e2ce a leur acceuil nous avons pass\u00e9 un agr\u00e9able s\u00e9jour dans cette belle r\u00e9gion   Cordialement\n\t\t\t\t\t<\/div>\n\t\t\t\t<\/article>\n\t\t\t<\/div>\n\t\t\t<div class=\"gb-entry gb-entry_6 gb-entry-count_15 gwolle-gb-uneven\" id=\"gb-entry_6\" data-entry_id=\"6\">\n\t\t\t\t<article>\n\t\t\t\t\t<div class=\"gb-author-info\">\n\t\t\t\t\t\t<span class=\"gb-author-name\">BIOGEAU\/ORTHOLAN\n\t\t\t\t\t\t<\/span>\n\t\t\t\t\t\t<span class=\"gb-author-origin\">\n\t\t\t\t\t\t\t<span class=\"gb-author-origin-from-text\"> from<\/span>\n\t\t\t\t\t\t\t<span class=\"gb-author-origin-text\"> TOULOUSE<\/span>\n\t\t\t\t\t\t<\/span>\n\t\t\t\t\t\t<span class=\"gb-datetime\">\n\t\t\t\t\t\t\t<span class=\"gb-date\"><span class=\"gb-date-wrote-text\"> wrote on<\/span><span class=\"gb-date-text\"> 13\/03\/2018<\/span>\n\t\t\t\t\t\t\t<\/span>\n\t\t\t\t\t\t<\/span> \n\t\t\t\t\t<\/div>\n\t\t\t\t\t<div class=\"gb-entry-content\">bonjour\ntr\u00e8s belle demeure dans laquelle nous avons pass\u00e9s une bonne nuit bien au calme\nles h\u00f4tes sont tr\u00e8s accueillants  .\nle petits d\u00e9jeuner \u00e9tait copieux.\nbonne continuation.\n\t\t\t\t\t<\/div>\n\t\t\t\t<\/article>\n\t\t\t<\/div>\n\t\t\t<div class=\"gb-entry gb-entry_5 gb-entry-count_16 gwolle-gb-even\" id=\"gb-entry_5\" data-entry_id=\"5\">\n\t\t\t\t<article>\n\t\t\t\t\t<div class=\"gb-author-info\">\n\t\t\t\t\t\t<span class=\"gb-author-name\">Vanessa et Patrick\n\t\t\t\t\t\t<\/span>\n\t\t\t\t\t\t<span class=\"gb-author-origin\">\n\t\t\t\t\t\t\t<span class=\"gb-author-origin-from-text\"> from<\/span>\n\t\t\t\t\t\t\t<span class=\"gb-author-origin-text\"> Landes<\/span>\n\t\t\t\t\t\t<\/span>\n\t\t\t\t\t\t<span class=\"gb-datetime\">\n\t\t\t\t\t\t\t<span class=\"gb-date\"><span class=\"gb-date-wrote-text\"> wrote on<\/span><span class=\"gb-date-text\"> 28\/07\/2017<\/span>\n\t\t\t\t\t\t\t<\/span>\n\t\t\t\t\t\t<\/span> \n\t\t\t\t\t<\/div>\n\t\t\t\t\t<div class=\"gb-entry-content\">S\u00e9jour &#034;minute&#034; mais agr\u00e9able gr\u00e2ce \u00e0 votre belle demeure.\nMerci.\n\t\t\t\t\t<\/div>\n\t\t\t\t<\/article>\n\t\t\t<\/div>\n\t\t\t<div class=\"gb-entry gb-entry_3 gb-entry-count_17 gwolle-gb-uneven\" id=\"gb-entry_3\" data-entry_id=\"3\">\n\t\t\t\t<article>\n\t\t\t\t\t<div class=\"gb-author-info\">\n\t\t\t\t\t\t<span class=\"gb-author-name\">Coraline, Julien, Michel, Brigitte\n\t\t\t\t\t\t<\/span>\n\t\t\t\t\t\t<span class=\"gb-author-origin\">\n\t\t\t\t\t\t\t<span class=\"gb-author-origin-from-text\"> from<\/span>\n\t\t\t\t\t\t\t<span class=\"gb-author-origin-text\"> Vosges<\/span>\n\t\t\t\t\t\t<\/span>\n\t\t\t\t\t\t<span class=\"gb-datetime\">\n\t\t\t\t\t\t\t<span class=\"gb-date\"><span class=\"gb-date-wrote-text\"> wrote on<\/span><span class=\"gb-date-text\"> 28\/07\/2017<\/span>\n\t\t\t\t\t\t\t<\/span>\n\t\t\t\t\t\t<\/span> \n\t\t\t\t\t<\/div>\n\t\t\t\t\t<div class=\"gb-entry-content\">Petit s\u00e9jour chez vous, tr\u00e8s agr\u00e9able, sympathique avec beaucoup de naturel mais h\u00e9las trop court !\r\nNous vous remercions pour votre accueil chaleureux dans un cadre typique de votre r\u00e9gion. \r\nMille mercis ! Bien cordialement\n\t\t\t\t\t<\/div>\n\t\t\t\t<\/article>\n\t\t\t<\/div>\n\t\t\t<\/div><\/div>","protected":false},"excerpt":{"rendered":"","protected":false},"author":4,"featured_media":0,"parent":0,"menu_order":0,"comment_status":"closed","ping_status":"closed","template":"templates\/musardises-large-page.php","meta":{"footnotes":""},"class_list":["post-31","page","type-page","status-publish","hentry"],"_links":{"self":[{"href":"https:\/\/lesmusardises.fr\/en\/wp-json\/wp\/v2\/pages\/31","targetHints":{"allow":["GET"]}}],"collection":[{"href":"https:\/\/lesmusardises.fr\/en\/wp-json\/wp\/v2\/pages"}],"about":[{"href":"https:\/\/lesmusardises.fr\/en\/wp-json\/wp\/v2\/types\/page"}],"author":[{"embeddable":true,"href":"https:\/\/lesmusardises.fr\/en\/wp-json\/wp\/v2\/users\/4"}],"replies":[{"embeddable":true,"href":"https:\/\/lesmusardises.fr\/en\/wp-json\/wp\/v2\/comments?post=31"}],"version-history":[{"count":0,"href":"https:\/\/lesmusardises.fr\/en\/wp-json\/wp\/v2\/pages\/31\/revisions"}],"wp:attachment":[{"href":"https:\/\/lesmusardises.fr\/en\/wp-json\/wp\/v2\/media?parent=31"}],"curies":[{"name":"wp","href":"https:\/\/api.w.org\/{rel}","templated":true}]}}