
{"id":27,"date":"2016-12-08T17:55:34","date_gmt":"2016-12-08T16:55:34","guid":{"rendered":"https:\/\/lesmusardises.fr\/?page_id=27"},"modified":"2021-04-22T01:13:30","modified_gmt":"2021-04-21T23:13:30","slug":"chambre-nyx","status":"publish","type":"page","link":"https:\/\/lesmusardises.fr\/en\/chambre-nyx\/","title":{"rendered":"Room \"Nyx\""},"content":{"rendered":"<p style=\"text-align: center;\"><em><strong>Room \"NYX\" Hall View<\/strong><\/em><\/p>\n<p>&nbsp;<\/p>\n<p><img loading=\"lazy\" decoding=\"async\" class=\"aligncenter wp-image-16 size-large\" src=\"https:\/\/lesmusardises.fr\/wp-content\/uploads\/2016\/11\/ch-1-1024x765.png\" alt=\"\" width=\"790\" height=\"590\" srcset=\"https:\/\/lesmusardises.fr\/wp-content\/uploads\/2016\/11\/ch-1-1024x765.png 1024w, https:\/\/lesmusardises.fr\/wp-content\/uploads\/2016\/11\/ch-1-300x224.png 300w, https:\/\/lesmusardises.fr\/wp-content\/uploads\/2016\/11\/ch-1-768x574.png 768w, https:\/\/lesmusardises.fr\/wp-content\/uploads\/2016\/11\/ch-1-500x374.png 500w, https:\/\/lesmusardises.fr\/wp-content\/uploads\/2016\/11\/ch-1.png 1274w\" sizes=\"auto, (max-width: 790px) 100vw, 790px\" \/><\/p>\n<p>&nbsp;<\/p>\n<p style=\"text-align: center;\"><em>In Greek mythology, Nyx is the goddess of the Night.<\/em><\/p>\n<p style=\"text-align: center;\"><em>This room includes a 140 bed with adjoining bathroom with shower, sink and separate toilet.<\/em><\/p>\n<p style=\"text-align: center;\"><em>Free WIFI access. Conviviality tray available.<\/em><\/p>\n<p>&nbsp;<\/p>\n<p><img loading=\"lazy\" decoding=\"async\" class=\"aligncenter wp-image-56 size-large\" src=\"https:\/\/lesmusardises.fr\/wp-content\/uploads\/2016\/12\/nyx-sdb-internet-1024x768.jpg\" alt=\"\" width=\"790\" height=\"593\" srcset=\"https:\/\/lesmusardises.fr\/wp-content\/uploads\/2016\/12\/nyx-sdb-internet-1024x768.jpg 1024w, https:\/\/lesmusardises.fr\/wp-content\/uploads\/2016\/12\/nyx-sdb-internet-300x225.jpg 300w, https:\/\/lesmusardises.fr\/wp-content\/uploads\/2016\/12\/nyx-sdb-internet-768x576.jpg 768w, https:\/\/lesmusardises.fr\/wp-content\/uploads\/2016\/12\/nyx-sdb-internet-500x375.jpg 500w\" sizes=\"auto, (max-width: 790px) 100vw, 790px\" \/><\/p>","protected":false},"excerpt":{"rendered":"<p>Chambre \u00ab\u00a0NYX\u00a0\u00bb avec vue sur la halle &nbsp; &nbsp; Dans la mythologie grecque, Nyx est la d\u00e9esse de la Nuit. Cette chambre comprend un lit en 140 avec salle de bains attenante avec douche, lavabo et WC s\u00e9par\u00e9. Acc\u00e8s WIFI gratuit. Plateau de convivialit\u00e9 \u00e0 disposition. &nbsp;<\/p>","protected":false},"author":4,"featured_media":0,"parent":0,"menu_order":0,"comment_status":"closed","ping_status":"closed","template":"templates\/musardises-large-page.php","meta":{"footnotes":""},"class_list":["post-27","page","type-page","status-publish","hentry"],"_links":{"self":[{"href":"https:\/\/lesmusardises.fr\/en\/wp-json\/wp\/v2\/pages\/27","targetHints":{"allow":["GET"]}}],"collection":[{"href":"https:\/\/lesmusardises.fr\/en\/wp-json\/wp\/v2\/pages"}],"about":[{"href":"https:\/\/lesmusardises.fr\/en\/wp-json\/wp\/v2\/types\/page"}],"author":[{"embeddable":true,"href":"https:\/\/lesmusardises.fr\/en\/wp-json\/wp\/v2\/users\/4"}],"replies":[{"embeddable":true,"href":"https:\/\/lesmusardises.fr\/en\/wp-json\/wp\/v2\/comments?post=27"}],"version-history":[{"count":0,"href":"https:\/\/lesmusardises.fr\/en\/wp-json\/wp\/v2\/pages\/27\/revisions"}],"wp:attachment":[{"href":"https:\/\/lesmusardises.fr\/en\/wp-json\/wp\/v2\/media?parent=27"}],"curies":[{"name":"wp","href":"https:\/\/api.w.org\/{rel}","templated":true}]}}